{"id":12,"date":"2025-09-02T09:43:12","date_gmt":"2025-09-02T07:43:12","guid":{"rendered":"https:\/\/majsterkoweskrzyneczki.pl\/?page_id=12"},"modified":"2025-09-24T11:42:26","modified_gmt":"2025-09-24T09:42:26","slug":"witamy","status":"publish","type":"page","link":"https:\/\/majsterkoweskrzyneczki.pl\/","title":{"rendered":"Witamy"},"content":{"rendered":"\t\t<div data-elementor-type=\"wp-page\" data-elementor-id=\"12\" class=\"elementor elementor-12\">\n\t\t\t\t<div class=\"elementor-element elementor-element-239273bd e-flex e-con-boxed e-con e-parent\" data-id=\"239273bd\" data-element_type=\"container\" data-settings=\"{&quot;background_background&quot;:&quot;classic&quot;}\">\n\t\t\t\t\t<div class=\"e-con-inner\">\n\t\t<div class=\"elementor-element elementor-element-5a383251 e-con-full e-flex e-con e-child\" data-id=\"5a383251\" data-element_type=\"container\">\n\t\t<div class=\"elementor-element elementor-element-763c44fa e-flex e-con-boxed e-con e-child\" data-id=\"763c44fa\" data-element_type=\"container\">\n\t\t\t\t\t<div class=\"e-con-inner\">\n\t\t<div class=\"elementor-element elementor-element-490b01d2 e-flex e-con-boxed e-con e-child\" data-id=\"490b01d2\" data-element_type=\"container\">\n\t\t\t\t\t<div class=\"e-con-inner\">\n\t\t\t\t<div class=\"elementor-element elementor-element-5e0d12a3 elementor-widget elementor-widget-text-editor\" data-id=\"5e0d12a3\" data-element_type=\"widget\" data-widget_type=\"text-editor.default\">\n\t\t\t\t\t\t\t\t\t<p style=\"text-align: center;\"><span style=\"font-weight: 400;\">Cieszymy si\u0119, \u017ce mo\u017cesz pozna\u0107 nasze zaj\u0119cia.\u00a0<\/span><\/p><p style=\"text-align: center;\"><span style=\"font-weight: 400;\">Zach\u0119camy do zapisu, aby wspiera\u0107 kreatywno\u015b\u0107 i rozw\u00f3j Twojego dziecka!<\/span><\/p>\t\t\t\t\t\t\t\t<\/div>\n\t\t\t\t\t<\/div>\n\t\t\t\t<\/div>\n\t\t\t\t\t<\/div>\n\t\t\t\t<\/div>\n\t\t\t\t<\/div>\n\t\t\t\t<div class=\"elementor-element elementor-element-2937fbce elementor-widget elementor-widget-image\" data-id=\"2937fbce\" data-element_type=\"widget\" data-widget_type=\"image.default\">\n\t\t\t\t\t\t\t\t\t\t\t\t\t\t\t<img fetchpriority=\"high\" decoding=\"async\" width=\"400\" height=\"400\" src=\"https:\/\/majsterkoweskrzyneczki.pl\/wp-content\/uploads\/2025\/09\/logo-skrzyneczek-bez-kolka-400x400-1.png\" class=\"attachment-full size-full wp-image-144\" alt=\"Majsterkowe Skrzyneczki to zaj\u0119cia dla dzieci, gdzie ucz\u0105 si\u0119 majsterkowa\u0107, \u0107wicz\u0105 r\u0105czki i wzmacniaj\u0105 samoocen\u0119\" srcset=\"https:\/\/majsterkoweskrzyneczki.pl\/wp-content\/uploads\/2025\/09\/logo-skrzyneczek-bez-kolka-400x400-1.png 400w, https:\/\/majsterkoweskrzyneczki.pl\/wp-content\/uploads\/2025\/09\/logo-skrzyneczek-bez-kolka-400x400-1-300x300.png 300w, https:\/\/majsterkoweskrzyneczki.pl\/wp-content\/uploads\/2025\/09\/logo-skrzyneczek-bez-kolka-400x400-1-150x150.png 150w\" sizes=\"(max-width: 400px) 100vw, 400px\" \/>\t\t\t\t\t\t\t\t\t\t\t\t\t\t\t<\/div>\n\t\t\t\t\t<\/div>\n\t\t\t\t<\/div>\n\t\t<div class=\"elementor-element elementor-element-feefa1b e-grid e-con-boxed e-con e-parent\" data-id=\"feefa1b\" data-element_type=\"container\">\n\t\t\t\t\t<div class=\"e-con-inner\">\n\t\t\t\t<div class=\"elementor-element elementor-element-93ec9fe elementor-widget elementor-widget-text-editor\" data-id=\"93ec9fe\" data-element_type=\"widget\" data-widget_type=\"text-editor.default\">\n\t\t\t\t\t\t\t\t\t<p style=\"text-align: right;\">Sprawd\u017a nasze nowo\u015bci &gt;<\/p>\t\t\t\t\t\t\t\t<\/div>\n\t\t\t\t<div class=\"elementor-element elementor-element-0800534 e-grid-align-left elementor-shape-rounded elementor-grid-0 elementor-widget elementor-widget-social-icons\" data-id=\"0800534\" data-element_type=\"widget\" data-widget_type=\"social-icons.default\">\n\t\t\t\t\t\t\t<div class=\"elementor-social-icons-wrapper elementor-grid\">\n\t\t\t\t\t\t\t<span class=\"elementor-grid-item\">\n\t\t\t\t\t<a class=\"elementor-icon elementor-social-icon elementor-social-icon-facebook elementor-repeater-item-bd7252e\" href=\"https:\/\/www.facebook.com\/profile.php?id=61580315000131\" target=\"_blank\">\n\t\t\t\t\t\t<span class=\"elementor-screen-only\">Facebook<\/span>\n\t\t\t\t\t\t<svg class=\"e-font-icon-svg e-fab-facebook\" viewBox=\"0 0 512 512\" xmlns=\"http:\/\/www.w3.org\/2000\/svg\"><path d=\"M504 256C504 119 393 8 256 8S8 119 8 256c0 123.78 90.69 226.38 209.25 245V327.69h-63V256h63v-54.64c0-62.15 37-96.48 93.67-96.48 27.14 0 55.52 4.84 55.52 4.84v61h-31.28c-30.8 0-40.41 19.12-40.41 38.73V256h68.78l-11 71.69h-57.78V501C413.31 482.38 504 379.78 504 256z\"><\/path><\/svg>\t\t\t\t\t<\/a>\n\t\t\t\t<\/span>\n\t\t\t\t\t<\/div>\n\t\t\t\t\t\t<\/div>\n\t\t\t\t\t<\/div>\n\t\t\t\t<\/div>\n\t\t<div class=\"elementor-element elementor-element-a2f854d e-flex e-con-boxed e-con e-parent\" data-id=\"a2f854d\" data-element_type=\"container\">\n\t\t\t\t\t<div class=\"e-con-inner\">\n\t\t<div class=\"elementor-element elementor-element-f0b97a1 e-con-full e-flex e-con e-child\" data-id=\"f0b97a1\" data-element_type=\"container\" data-settings=\"{&quot;background_background&quot;:&quot;gradient&quot;}\">\n\t\t<div class=\"elementor-element elementor-element-558747f e-con-full e-flex e-con e-child\" data-id=\"558747f\" data-element_type=\"container\">\n\t\t\t\t<div class=\"elementor-element elementor-element-e9ef649 elementor-widget elementor-widget-text-editor\" data-id=\"e9ef649\" data-element_type=\"widget\" data-widget_type=\"text-editor.default\">\n\t\t\t\t\t\t\t\t\t<h2><span style=\"color: #ffff99;\"><strong>Do\u0142\u0105cz do naszych zaj\u0119\u0107 majsterkowania!\u00a0<\/strong><\/span><\/h2><p><span style=\"color: #ffff99;\"><strong>Z nami Twoje dziecko mo\u017ce rozwija\u0107 swoje zdolno\u015bci w trakcie radosnych, po\u017cytecznych i bezpiecznych zaj\u0119\u0107.<\/strong><\/span><\/p><p><span style=\"color: #ffff99;\"><strong>Wszystkie nasze projekty stworzone zosta\u0142y przez mam\u0119-nauczycielk\u0119 i tat\u0119-majsterkowicza, a testowane na ich dzieciach \ud83d\ude09 Z nimi te\u017c s\u0105 udoskonalane, by w\u0142a\u015bnie dzieci mia\u0142y jak najwi\u0119cej rado\u015bci z budowania. Ich rodzice dbaj\u0105 natomiast o bezpiecze\u0144stwo i poziom trudno\u015bci dostosowany do wieku ma\u0142ych budowniczych.<\/strong><\/span><\/p>\t\t\t\t\t\t\t\t<\/div>\n\t\t\t\t<\/div>\n\t\t\t\t<\/div>\n\t\t\t\t\t<\/div>\n\t\t\t\t<\/div>\n\t\t<div class=\"elementor-element elementor-element-440946f e-flex e-con-boxed e-con e-parent\" data-id=\"440946f\" data-element_type=\"container\">\n\t\t\t\t\t<div class=\"e-con-inner\">\n\t\t<div class=\"elementor-element elementor-element-368a6b2 e-con-full e-flex e-con e-child\" data-id=\"368a6b2\" data-element_type=\"container\" data-settings=\"{&quot;background_background&quot;:&quot;classic&quot;}\">\n\t\t<div class=\"elementor-element elementor-element-87081aa e-con-full e-flex e-con e-child\" data-id=\"87081aa\" data-element_type=\"container\">\n\t\t\t\t<div class=\"elementor-element elementor-element-e7f8d6a elementor-widget elementor-widget-heading\" data-id=\"e7f8d6a\" data-element_type=\"widget\" data-widget_type=\"heading.default\">\n\t\t\t\t\t<h2 class=\"elementor-heading-title elementor-size-default\">Nasze Zaj\u0119cia<\/h2>\t\t\t\t<\/div>\n\t\t\t\t<div class=\"elementor-element elementor-element-ade0359 elementor-widget elementor-widget-text-editor\" data-id=\"ade0359\" data-element_type=\"widget\" data-widget_type=\"text-editor.default\">\n\t\t\t\t\t\t\t\t\t<p>Nasze zaj\u0119cia to nie tylko nauka, ale przede wszystkim zabawa! Dzieci rozwijaj\u0105 swoje umiej\u0119tno\u015bci manualne i kreatywno\u015b\u0107, montuj\u0105c drewniane zestawy DIY. Ka\u017cda lekcja to okazja do odkrywania nowych pasji i rozwijania talent\u00f3w.<\/p><p>Wierzymy, \u017ce praktyczne dzia\u0142ania wp\u0142ywaj\u0105 na pewno\u015b\u0107 siebie dzieci i ich umiej\u0119tno\u015bci interpersonalne. Chcemy, aby ka\u017cde dziecko czu\u0142o si\u0119 spe\u0142nione i zadowolone z efekt\u00f3w swojej pracy. Przy\u0142\u0105cz si\u0119 do nas, aby odkry\u0107 rado\u015b\u0107 tworzenia!<\/p>\t\t\t\t\t\t\t\t<\/div>\n\t\t\t\t<\/div>\n\t\t<div class=\"elementor-element elementor-element-2ce5f2c e-con-full e-flex e-con e-child\" data-id=\"2ce5f2c\" data-element_type=\"container\">\n\t\t\t\t<div class=\"elementor-element elementor-element-03b8730 elementor-widget elementor-widget-image\" data-id=\"03b8730\" data-element_type=\"widget\" data-widget_type=\"image.default\">\n\t\t\t\t\t\t\t\t\t\t\t\t\t\t\t<img decoding=\"async\" width=\"800\" height=\"860\" src=\"https:\/\/majsterkoweskrzyneczki.pl\/wp-content\/uploads\/2025\/09\/d5ae9c09-373e-4519-87a9-5134a63c192e-rrr-953x1024.jpg\" class=\"attachment-large size-large wp-image-238\" alt=\"\" srcset=\"https:\/\/majsterkoweskrzyneczki.pl\/wp-content\/uploads\/2025\/09\/d5ae9c09-373e-4519-87a9-5134a63c192e-rrr-953x1024.jpg 953w, https:\/\/majsterkoweskrzyneczki.pl\/wp-content\/uploads\/2025\/09\/d5ae9c09-373e-4519-87a9-5134a63c192e-rrr-279x300.jpg 279w, https:\/\/majsterkoweskrzyneczki.pl\/wp-content\/uploads\/2025\/09\/d5ae9c09-373e-4519-87a9-5134a63c192e-rrr-768x825.jpg 768w, https:\/\/majsterkoweskrzyneczki.pl\/wp-content\/uploads\/2025\/09\/d5ae9c09-373e-4519-87a9-5134a63c192e-rrr.jpg 1080w\" sizes=\"(max-width: 800px) 100vw, 800px\" \/>\t\t\t\t\t\t\t\t\t\t\t\t\t\t\t<\/div>\n\t\t\t\t<\/div>\n\t\t\t\t<\/div>\n\t\t\t\t\t<\/div>\n\t\t\t\t<\/div>\n\t\t<div class=\"elementor-element elementor-element-324e6383 e-flex e-con-boxed e-con e-parent\" data-id=\"324e6383\" data-element_type=\"container\">\n\t\t\t\t\t<div class=\"e-con-inner\">\n\t\t<div class=\"elementor-element elementor-element-695a459a e-con-full e-flex e-con e-child\" data-id=\"695a459a\" data-element_type=\"container\">\n\t\t\t\t<div class=\"elementor-element elementor-element-f77cbc9 elementor-widget elementor-widget-image\" data-id=\"f77cbc9\" data-element_type=\"widget\" data-widget_type=\"image.default\">\n\t\t\t\t\t\t\t\t\t\t\t\t\t\t\t<img decoding=\"async\" width=\"662\" height=\"1024\" src=\"https:\/\/majsterkoweskrzyneczki.pl\/wp-content\/uploads\/2025\/09\/f96609a3-bcc9-4cb5-bc0e-f81377be3677-rrr-662x1024.jpg\" class=\"attachment-large size-large wp-image-240\" alt=\"\" srcset=\"https:\/\/majsterkoweskrzyneczki.pl\/wp-content\/uploads\/2025\/09\/f96609a3-bcc9-4cb5-bc0e-f81377be3677-rrr-662x1024.jpg 662w, https:\/\/majsterkoweskrzyneczki.pl\/wp-content\/uploads\/2025\/09\/f96609a3-bcc9-4cb5-bc0e-f81377be3677-rrr-194x300.jpg 194w, https:\/\/majsterkoweskrzyneczki.pl\/wp-content\/uploads\/2025\/09\/f96609a3-bcc9-4cb5-bc0e-f81377be3677-rrr-768x1189.jpg 768w, https:\/\/majsterkoweskrzyneczki.pl\/wp-content\/uploads\/2025\/09\/f96609a3-bcc9-4cb5-bc0e-f81377be3677-rrr-992x1536.jpg 992w, https:\/\/majsterkoweskrzyneczki.pl\/wp-content\/uploads\/2025\/09\/f96609a3-bcc9-4cb5-bc0e-f81377be3677-rrr.jpg 1086w\" sizes=\"(max-width: 662px) 100vw, 662px\" \/>\t\t\t\t\t\t\t\t\t\t\t\t\t\t\t<\/div>\n\t\t\t\t<\/div>\n\t\t<div class=\"elementor-element elementor-element-52c8cb3b e-con-full e-flex e-con e-child\" data-id=\"52c8cb3b\" data-element_type=\"container\">\n\t\t\t\t<div class=\"elementor-element elementor-element-5d927e10 elementor-widget elementor-widget-heading\" data-id=\"5d927e10\" data-element_type=\"widget\" data-widget_type=\"heading.default\">\n\t\t\t\t\t<h1 class=\"elementor-heading-title elementor-size-default\">O nas<\/h1>\t\t\t\t<\/div>\n\t\t\t\t<div class=\"elementor-element elementor-element-2b229873 elementor-widget elementor-widget-text-editor\" data-id=\"2b229873\" data-element_type=\"widget\" data-widget_type=\"text-editor.default\">\n\t\t\t\t\t\t\t\t\t<p>Majsterkowe Skrzyneczki to miejsce, w kt\u00f3rym dzieci odkrywaj\u0105 rado\u015b\u0107 majsterkowania. Nasz\u0105 misj\u0105 jest rozwijanie kreatywno\u015bci i umiej\u0119tno\u015bci manualnych u najm\u0142odszych. Uczymy poprzez zabaw\u0119, oferuj\u0105c ciekawe projekty DIY, kt\u00f3re dzieci mog\u0105 zrealizowa\u0107 samodzielnie lub w grupie.<\/p>\t\t\t\t\t\t\t\t<\/div>\n\t\t\t\t<div class=\"elementor-element elementor-element-6bb9a0bd elementor-position-left elementor-view-default elementor-mobile-position-top elementor-widget elementor-widget-icon-box\" data-id=\"6bb9a0bd\" data-element_type=\"widget\" data-widget_type=\"icon-box.default\">\n\t\t\t\t\t\t\t<div class=\"elementor-icon-box-wrapper\">\n\n\t\t\t\t\t\t<div class=\"elementor-icon-box-icon\">\n\t\t\t\t<span  class=\"elementor-icon\">\n\t\t\t\t<svg aria-hidden=\"true\" class=\"e-font-icon-svg e-fas-star\" viewBox=\"0 0 576 512\" xmlns=\"http:\/\/www.w3.org\/2000\/svg\"><path d=\"M259.3 17.8L194 150.2 47.9 171.5c-26.2 3.8-36.7 36.1-17.7 54.6l105.7 103-25 145.5c-4.5 26.3 23.2 46 46.4 33.7L288 439.6l130.7 68.7c23.2 12.2 50.9-7.4 46.4-33.7l-25-145.5 105.7-103c19-18.5 8.5-50.8-17.7-54.6L382 150.2 316.7 17.8c-11.7-23.6-45.6-23.9-57.4 0z\"><\/path><\/svg>\t\t\t\t<\/span>\n\t\t\t<\/div>\n\t\t\t\n\t\t\t\t\t\t<div class=\"elementor-icon-box-content\">\n\n\t\t\t\t\t\t\t\t\t<h3 class=\"elementor-icon-box-title\">\n\t\t\t\t\t\t<span  >\n\t\t\t\t\t\t\tEdukacja przez zabaw\u0119\t\t\t\t\t\t<\/span>\n\t\t\t\t\t<\/h3>\n\t\t\t\t\n\t\t\t\t\t\t\t\t\t<p class=\"elementor-icon-box-description\">\n\t\t\t\t\t\tOferujemy r\u00f3\u017cnorodne zaj\u0119cia, kt\u00f3re rozwijaj\u0105 umiej\u0119tno\u015bci manualne i ucz\u0105 dzieci wsp\u00f3\u0142pracy w grupie.\t\t\t\t\t<\/p>\n\t\t\t\t\n\t\t\t<\/div>\n\t\t\t\n\t\t<\/div>\n\t\t\t\t\t\t<\/div>\n\t\t\t\t<div class=\"elementor-element elementor-element-79445b3c elementor-position-left elementor-view-default elementor-mobile-position-top elementor-widget elementor-widget-icon-box\" data-id=\"79445b3c\" data-element_type=\"widget\" data-widget_type=\"icon-box.default\">\n\t\t\t\t\t\t\t<div class=\"elementor-icon-box-wrapper\">\n\n\t\t\t\t\t\t<div class=\"elementor-icon-box-icon\">\n\t\t\t\t<span  class=\"elementor-icon\">\n\t\t\t\t<svg aria-hidden=\"true\" class=\"e-font-icon-svg e-fas-star\" viewBox=\"0 0 576 512\" xmlns=\"http:\/\/www.w3.org\/2000\/svg\"><path d=\"M259.3 17.8L194 150.2 47.9 171.5c-26.2 3.8-36.7 36.1-17.7 54.6l105.7 103-25 145.5c-4.5 26.3 23.2 46 46.4 33.7L288 439.6l130.7 68.7c23.2 12.2 50.9-7.4 46.4-33.7l-25-145.5 105.7-103c19-18.5 8.5-50.8-17.7-54.6L382 150.2 316.7 17.8c-11.7-23.6-45.6-23.9-57.4 0z\"><\/path><\/svg>\t\t\t\t<\/span>\n\t\t\t<\/div>\n\t\t\t\n\t\t\t\t\t\t<div class=\"elementor-icon-box-content\">\n\n\t\t\t\t\t\t\t\t\t<h3 class=\"elementor-icon-box-title\">\n\t\t\t\t\t\t<span  >\n\t\t\t\t\t\t\tKreatywno\u015b\u0107 i rado\u015b\u0107\t\t\t\t\t\t<\/span>\n\t\t\t\t\t<\/h3>\n\t\t\t\t\n\t\t\t\t\t\t\t\t\t<p class=\"elementor-icon-box-description\">\n\t\t\t\t\t\tKa\u017cdy projekt to mo\u017cliwo\u015b\u0107 samodzielnego tworzenia w przyjaznej atmosferze, kt\u00f3ra sprzyja nauce i rozwoju.\t\t\t\t\t<\/p>\n\t\t\t\t\n\t\t\t<\/div>\n\t\t\t\n\t\t<\/div>\n\t\t\t\t\t\t<\/div>\n\t\t\t\t<\/div>\n\t\t\t\t\t<\/div>\n\t\t\t\t<\/div>\n\t\t<div class=\"elementor-element elementor-element-20274f9f e-flex e-con-boxed e-con e-parent\" data-id=\"20274f9f\" data-element_type=\"container\" data-settings=\"{&quot;background_background&quot;:&quot;classic&quot;}\">\n\t\t\t\t\t<div class=\"e-con-inner\">\n\t\t<div class=\"elementor-element elementor-element-7b86555c e-flex e-con-boxed e-con e-child\" data-id=\"7b86555c\" data-element_type=\"container\">\n\t\t\t\t\t<div class=\"e-con-inner\">\n\t\t\t\t<div class=\"elementor-element elementor-element-6573b026 elementor-widget elementor-widget-heading\" data-id=\"6573b026\" data-element_type=\"widget\" data-widget_type=\"heading.default\">\n\t\t\t\t\t<h4 class=\"elementor-heading-title elementor-size-default\">Zapisz swoje dziecko na niezwyk\u0142e zaj\u0119cia!<\/h4>\t\t\t\t<\/div>\n\t\t\t\t<div class=\"elementor-element elementor-element-4eb9fcc elementor-widget elementor-widget-text-editor\" data-id=\"4eb9fcc\" data-element_type=\"widget\" data-widget_type=\"text-editor.default\">\n\t\t\t\t\t\t\t\t\t<p>Do\u0142\u0105cz do naszej spo\u0142eczno\u015bci ma\u0142ych majsterkowicz\u00f3w! Nasze zaj\u0119cia to doskona\u0142a okazja, by Twoje dziecko rozwija\u0142o swoje talenty oraz umiej\u0119tno\u015bci manualne w przyjaznej atmosferze. Zajmiemy si\u0119 r\u00f3\u017cnymi projektami DIY, kt\u00f3re nie tylko bawi\u0105, ale i ucz\u0105. Zapisz si\u0119 ju\u017c dzi\u015b, aby Twoja pociecha mia\u0142a szans\u0119 na kreatywne i pe\u0142ne rado\u015bci chwile!<\/p>\t\t\t\t\t\t\t\t<\/div>\n\t\t\t\t<div class=\"elementor-element elementor-element-5d0b831b elementor-widget__width-auto elementor-align-right elementor-widget elementor-widget-button\" data-id=\"5d0b831b\" data-element_type=\"widget\" data-widget_type=\"button.default\">\n\t\t\t\t\t\t\t\t\t\t<a class=\"elementor-button elementor-button-link elementor-size-sm\" href=\"mailto:kontakt@majsterkoweskrzyneczki.pl\">\n\t\t\t\t\t\t<span class=\"elementor-button-content-wrapper\">\n\t\t\t\t\t\t\t\t\t<span class=\"elementor-button-text\">Zapisz si\u0119!<\/span>\n\t\t\t\t\t<\/span>\n\t\t\t\t\t<\/a>\n\t\t\t\t\t\t\t\t<\/div>\n\t\t\t\t\t<\/div>\n\t\t\t\t<\/div>\n\t\t\t\t\t<\/div>\n\t\t\t\t<\/div>\n\t\t<div class=\"elementor-element elementor-element-684c249 e-flex e-con-boxed e-con e-parent\" data-id=\"684c249\" data-element_type=\"container\">\n\t\t\t\t\t<div class=\"e-con-inner\">\n\t\t\t\t\t<\/div>\n\t\t\t\t<\/div>\n\t\t<div class=\"elementor-element elementor-element-3f0b8239 e-flex e-con-boxed e-con e-parent\" data-id=\"3f0b8239\" data-element_type=\"container\">\n\t\t\t\t\t<div class=\"e-con-inner\">\n\t\t\t\t<div class=\"elementor-element elementor-element-61667c22 elementor-widget elementor-widget-heading\" data-id=\"61667c22\" data-element_type=\"widget\" data-widget_type=\"heading.default\">\n\t\t\t\t\t<h2 class=\"elementor-heading-title elementor-size-default\">Skontaktuj si\u0119 z nami<\/h2>\t\t\t\t<\/div>\n\t\t\t\t<div class=\"elementor-element elementor-element-36174473 elementor-widget elementor-widget-heading\" data-id=\"36174473\" data-element_type=\"widget\" data-widget_type=\"heading.default\">\n\t\t\t\t\t<h2 class=\"elementor-heading-title elementor-size-default\">Masz pytania?<\/h2>\t\t\t\t<\/div>\n\t\t\t\t<div class=\"elementor-element elementor-element-287db788 elementor-widget elementor-widget-text-editor\" data-id=\"287db788\" data-element_type=\"widget\" data-widget_type=\"text-editor.default\">\n\t\t\t\t\t\t\t\t\t<p>Ch\u0119tnie odpowiemy na Twoje pytania. Skorzystaj z poni\u017cszych danych, aby si\u0119 z nami skontaktowa\u0107.<\/p>\t\t\t\t\t\t\t\t<\/div>\n\t\t<div class=\"elementor-element elementor-element-50b160fe e-con-full e-flex e-con e-child\" data-id=\"50b160fe\" data-element_type=\"container\">\n\t\t<div class=\"elementor-element elementor-element-14d1e7b4 e-con-full e-flex e-con e-child\" data-id=\"14d1e7b4\" data-element_type=\"container\">\n\t\t<div class=\"elementor-element elementor-element-72b45867 e-con-full e-flex e-con e-child\" data-id=\"72b45867\" data-element_type=\"container\">\n\t\t\t\t<div class=\"elementor-element elementor-element-3bcc5378 elementor-position-left elementor-view-default elementor-mobile-position-top elementor-widget elementor-widget-icon-box\" data-id=\"3bcc5378\" data-element_type=\"widget\" data-widget_type=\"icon-box.default\">\n\t\t\t\t\t\t\t<div class=\"elementor-icon-box-wrapper\">\n\n\t\t\t\t\t\t<div class=\"elementor-icon-box-icon\">\n\t\t\t\t<span  class=\"elementor-icon\">\n\t\t\t\t<svg aria-hidden=\"true\" class=\"e-font-icon-svg e-fas-envelope\" viewBox=\"0 0 512 512\" xmlns=\"http:\/\/www.w3.org\/2000\/svg\"><path d=\"M502.3 190.8c3.9-3.1 9.7-.2 9.7 4.7V400c0 26.5-21.5 48-48 48H48c-26.5 0-48-21.5-48-48V195.6c0-5 5.7-7.8 9.7-4.7 22.4 17.4 52.1 39.5 154.1 113.6 21.1 15.4 56.7 47.8 92.2 47.6 35.7.3 72-32.8 92.3-47.6 102-74.1 131.6-96.3 154-113.7zM256 320c23.2.4 56.6-29.2 73.4-41.4 132.7-96.3 142.8-104.7 173.4-128.7 5.8-4.5 9.2-11.5 9.2-18.9v-19c0-26.5-21.5-48-48-48H48C21.5 64 0 85.5 0 112v19c0 7.4 3.4 14.3 9.2 18.9 30.6 23.9 40.7 32.4 173.4 128.7 16.8 12.2 50.2 41.8 73.4 41.4z\"><\/path><\/svg>\t\t\t\t<\/span>\n\t\t\t<\/div>\n\t\t\t\n\t\t\t\t\t\t<div class=\"elementor-icon-box-content\">\n\n\t\t\t\t\t\t\t\t\t<h3 class=\"elementor-icon-box-title\">\n\t\t\t\t\t\t<span  >\n\t\t\t\t\t\t\tEmail\t\t\t\t\t\t<\/span>\n\t\t\t\t\t<\/h3>\n\t\t\t\t\n\t\t\t\t\t\t\t\t\t<p class=\"elementor-icon-box-description\">\n\t\t\t\t\t\tNapisz do nas, a z przyjemno\u015bci\u0105 odpowiemy.\t\t\t\t\t<\/p>\n\t\t\t\t\n\t\t\t<\/div>\n\t\t\t\n\t\t<\/div>\n\t\t\t\t\t\t<\/div>\n\t\t\t\t<div class=\"elementor-element elementor-element-d5effc4 elementor-widget__width-initial elementor-widget elementor-widget-text-editor\" data-id=\"d5effc4\" data-element_type=\"widget\" data-widget_type=\"text-editor.default\">\n\t\t\t\t\t\t\t\t\t<p style=\"text-align: center;\"><span style=\"text-decoration: underline;\">kontakt@majsterkoweskrzyneczki.pl<\/span><\/p>\t\t\t\t\t\t\t\t<\/div>\n\t\t\t\t<\/div>\n\t\t\t\t<\/div>\n\t\t<div class=\"elementor-element elementor-element-39ad1739 e-con-full e-flex e-con e-child\" data-id=\"39ad1739\" data-element_type=\"container\">\n\t\t\t\t<div class=\"elementor-element elementor-element-1d7f946c elementor-position-left elementor-view-default elementor-mobile-position-top elementor-widget elementor-widget-icon-box\" data-id=\"1d7f946c\" data-element_type=\"widget\" data-widget_type=\"icon-box.default\">\n\t\t\t\t\t\t\t<div class=\"elementor-icon-box-wrapper\">\n\n\t\t\t\t\t\t<div class=\"elementor-icon-box-icon\">\n\t\t\t\t<span  class=\"elementor-icon\">\n\t\t\t\t<svg aria-hidden=\"true\" class=\"e-font-icon-svg e-fas-phone-alt\" viewBox=\"0 0 512 512\" xmlns=\"http:\/\/www.w3.org\/2000\/svg\"><path d=\"M497.39 361.8l-112-48a24 24 0 0 0-28 6.9l-49.6 60.6A370.66 370.66 0 0 1 130.6 204.11l60.6-49.6a23.94 23.94 0 0 0 6.9-28l-48-112A24.16 24.16 0 0 0 122.6.61l-104 24A24 24 0 0 0 0 48c0 256.5 207.9 464 464 464a24 24 0 0 0 23.4-18.6l24-104a24.29 24.29 0 0 0-14.01-27.6z\"><\/path><\/svg>\t\t\t\t<\/span>\n\t\t\t<\/div>\n\t\t\t\n\t\t\t\t\t\t<div class=\"elementor-icon-box-content\">\n\n\t\t\t\t\t\t\t\t\t<h3 class=\"elementor-icon-box-title\">\n\t\t\t\t\t\t<span  >\n\t\t\t\t\t\t\tTelefon\t\t\t\t\t\t<\/span>\n\t\t\t\t\t<\/h3>\n\t\t\t\t\n\t\t\t\t\t\t\t\t\t<p class=\"elementor-icon-box-description\">\n\t\t\t\t\t\tZadzwo\u0144 do nas, ch\u0119tnie porozmawiamy.\t\t\t\t\t<\/p>\n\t\t\t\t\n\t\t\t<\/div>\n\t\t\t\n\t\t<\/div>\n\t\t\t\t\t\t<\/div>\n\t\t\t\t<div class=\"elementor-element elementor-element-54265f1e elementor-widget elementor-widget-text-editor\" data-id=\"54265f1e\" data-element_type=\"widget\" data-widget_type=\"text-editor.default\">\n\t\t\t\t\t\t\t\t\t<p style=\"text-align: center;\">603 471 755<\/p>\t\t\t\t\t\t\t\t<\/div>\n\t\t\t\t<\/div>\n\t\t\t\t<\/div>\n\t\t\t\t\t<\/div>\n\t\t\t\t<\/div>\n\t\t\t\t<\/div>\n\t\t","protected":false},"excerpt":{"rendered":"<p>Cieszymy si\u0119, \u017ce mo\u017cesz pozna\u0107 nasze zaj\u0119cia.\u00a0 Zach\u0119camy do zapisu, aby wspiera\u0107 kreatywno\u015b\u0107 i rozw\u00f3j Twojego dziecka! Sprawd\u017a nasze nowo\u015bci &gt; Facebook Do\u0142\u0105cz do naszych zaj\u0119\u0107 majsterkowania!\u00a0 Z nami Twoje dziecko mo\u017ce rozwija\u0107 swoje zdolno\u015bci w trakcie radosnych, po\u017cytecznych i bezpiecznych zaj\u0119\u0107. Wszystkie nasze projekty stworzone zosta\u0142y przez mam\u0119-nauczycielk\u0119 i tat\u0119-majsterkowicza, a testowane na ich [&hellip;]<\/p>\n","protected":false},"author":1,"featured_media":0,"parent":0,"menu_order":0,"comment_status":"closed","ping_status":"closed","template":"","meta":{"footnotes":""},"class_list":["post-12","page","type-page","status-publish","hentry"],"_links":{"self":[{"href":"https:\/\/majsterkoweskrzyneczki.pl\/index.php?rest_route=\/wp\/v2\/pages\/12","targetHints":{"allow":["GET"]}}],"collection":[{"href":"https:\/\/majsterkoweskrzyneczki.pl\/index.php?rest_route=\/wp\/v2\/pages"}],"about":[{"href":"https:\/\/majsterkoweskrzyneczki.pl\/index.php?rest_route=\/wp\/v2\/types\/page"}],"author":[{"embeddable":true,"href":"https:\/\/majsterkoweskrzyneczki.pl\/index.php?rest_route=\/wp\/v2\/users\/1"}],"replies":[{"embeddable":true,"href":"https:\/\/majsterkoweskrzyneczki.pl\/index.php?rest_route=%2Fwp%2Fv2%2Fcomments&post=12"}],"version-history":[{"count":79,"href":"https:\/\/majsterkoweskrzyneczki.pl\/index.php?rest_route=\/wp\/v2\/pages\/12\/revisions"}],"predecessor-version":[{"id":254,"href":"https:\/\/majsterkoweskrzyneczki.pl\/index.php?rest_route=\/wp\/v2\/pages\/12\/revisions\/254"}],"wp:attachment":[{"href":"https:\/\/majsterkoweskrzyneczki.pl\/index.php?rest_route=%2Fwp%2Fv2%2Fmedia&parent=12"}],"curies":[{"name":"wp","href":"https:\/\/api.w.org\/{rel}","templated":true}]}}